{"id":105,"date":"2025-08-14T17:45:17","date_gmt":"2025-08-14T15:45:17","guid":{"rendered":"https:\/\/diekramers.joosi.de\/?page_id=105"},"modified":"2025-09-29T11:06:10","modified_gmt":"2025-09-29T09:06:10","slug":"freizeit","status":"publish","type":"page","link":"https:\/\/diekramers.joosi.de\/?page_id=105","title":{"rendered":"Freizeit"},"content":{"rendered":"\n<p>Hier findet ihr Freizeittipps f\u00fcr unsere Region. <\/p>\n\n\n\n<h2 class=\"wp-block-heading\">Freizeitparks<\/h2>\n\n\n\n<ul class=\"wp-block-list\">\n<li><a href=\"https:\/\/www.wildundfreizeitpark.de\/\" data-type=\"link\" data-id=\"https:\/\/www.wildundfreizeitpark.de\/\">Wild- und Freizeitpark<\/a>, Allensbach *<\/li>\n\n\n\n<li><a href=\"https:\/\/www.tatzmania.com\/\" data-type=\"link\" data-id=\"https:\/\/www.tatzmania.com\/\">Tazmania<\/a>, L\u00f6ffingen<\/li>\n\n\n\n<li><a href=\"https:\/\/www.schwarzwald-tourismus.info\/attraktionen\/streichelzoo-kappel-50153478d9\" data-type=\"link\" data-id=\"https:\/\/www.schwarzwald-tourismus.info\/attraktionen\/streichelzoo-kappel-50153478d9\">Streichelzoo<\/a>, Kappel<\/li>\n<\/ul>\n\n\n\n<h2 class=\"wp-block-heading\">Sehensw\u00fcrdigkeiten<\/h2>\n\n\n\n<ul class=\"wp-block-list\">\n<li>Historische Altstadt, Villingen<\/li>\n\n\n\n<li>R\u00f6merbad, H\u00fcfingen<\/li>\n\n\n\n<li>Erste weltgr\u00f6\u00dfte Kuckuksuhr<\/li>\n<\/ul>\n\n\n\n<h2 class=\"wp-block-heading\">Wanderungen<\/h2>\n\n\n\n<ul class=\"wp-block-list\">\n<li><a href=\"https:\/\/www.unterkirnach.de\/echt-unterkirnach\/erlebe-unterkirnach\/aktivitaeten-zu-fuss\/wasserweg\" data-type=\"link\" data-id=\"https:\/\/www.unterkirnach.de\/echt-unterkirnach\/erlebe-unterkirnach\/aktivitaeten-zu-fuss\/wasserweg\">Wasserpfad<\/a>, Unterkirnach *<\/li>\n\n\n\n<li><a href=\"https:\/\/www.uehlingen-birkendorf.de\/seite\/478171\/kugelwaldpfad.html\" data-type=\"link\" data-id=\"https:\/\/www.uehlingen-birkendorf.de\/seite\/478171\/kugelwaldpfad.html\">Kugelwaldpfad<\/a>, \u00dchlingen *<\/li>\n<\/ul>\n\n\n\n<h2 class=\"wp-block-heading\">Spielpl\u00e4tze<\/h2>\n\n\n\n<p><strong>Gro\u00dfe Spielpl\u00e4tze<\/strong><\/p>\n\n\n\n<ul class=\"wp-block-list\">\n<li>Landesgartenschau-Gel\u00e4nde, Schwenningen<\/li>\n\n\n\n<li>Hubenloch, Villingen<\/li>\n\n\n\n<li>Kurpark, Bad D\u00fcrrheim<\/li>\n<\/ul>\n\n\n\n<p><strong>Kleine Spielpl\u00e4tze<\/strong><\/p>\n\n\n\n<ul class=\"wp-block-list\">\n<li>Sportplatz Klengen, Brigachtal<\/li>\n\n\n\n<li>Gaisbergring Klengen, Brigachtal<\/li>\n\n\n\n<li>Bromen\u00e4cker Klengen, Brigachtal<\/li>\n\n\n\n<li>Turhhalle Kirchdorf, Brigachtal<\/li>\n\n\n\n<li>Im Br\u00fchl \u00dcberauchen, Brigachtal<\/li>\n\n\n\n<li>Sportplatz \u00dcberauchen, Brigachtal<\/li>\n\n\n\n<li>Schorenstra\u00dfe, Marbach, Brigachtal<\/li>\n<\/ul>\n\n\n\n<h2 class=\"wp-block-heading\">B\u00e4der<\/h2>\n\n\n\n<p><strong>Hallenbad<\/strong><\/p>\n\n\n\n<ul class=\"wp-block-list\">\n<li><a href=\"https:\/\/www.baeder-vs.de\/kneippbad\/\" data-type=\"link\" data-id=\"https:\/\/www.baeder-vs.de\/kneippbad\/\">Kneippbad<\/a>, Villingen<\/li>\n\n\n\n<li>Neckarbad, Schwenningen<\/li>\n\n\n\n<li>Aquasol, Rottweil<\/li>\n\n\n\n<li>TuWas, Tuttlingen<\/li>\n\n\n\n<li>Aqualino, H\u00fcfingen<\/li>\n<\/ul>\n\n\n\n<p><strong>Freibad<\/strong><\/p>\n\n\n\n<ul class=\"wp-block-list\">\n<li>Freibad, Donaueschingen<\/li>\n\n\n\n<li>Kneippbad, Villingen<\/li>\n\n\n\n<li>Freibad, K\u00f6nigsfeld<\/li>\n\n\n\n<li>Troase, Trossingen<\/li>\n\n\n\n<li><a href=\"https:\/\/www.engen.de\/tourismus+_+kultur\/sport+_+freizeit\/erlebnisbad\" data-type=\"link\" data-id=\"https:\/\/www.engen.de\/tourismus+_+kultur\/sport+_+freizeit\/erlebnisbad\">Erlebnisbad<\/a>, Engen *<\/li>\n\n\n\n<li><a href=\"https:\/\/strandbad-oehningen.de\/\" data-type=\"link\" data-id=\"https:\/\/strandbad-oehningen.de\/\">Strandbad<\/a>, \u00d6hningen *<\/li>\n\n\n\n<li><a href=\"https:\/\/www.gailingen.de\/de\/gaeste\/inspirieren\/rheinuferpark\" data-type=\"link\" data-id=\"https:\/\/www.gailingen.de\/de\/gaeste\/inspirieren\/rheinuferpark\">Strandbad<\/a>, Gailingen *<\/li>\n<\/ul>\n\n\n\n<p>Unsere pers\u00f6nlichen Lieblinge sind mit einem * markiert. <\/p>\n\n\n\n<p><\/p>\n","protected":false},"excerpt":{"rendered":"<p>Hier findet ihr Freizeittipps f\u00fcr unsere Region. Freizeitparks Sehensw\u00fcrdigkeiten Wanderungen Spielpl\u00e4tze Gro\u00dfe Spielpl\u00e4tze Kleine Spielpl\u00e4tze B\u00e4der Hallenbad Freibad Unsere pers\u00f6nlichen Lieblinge sind mit einem * markiert.<\/p>\n","protected":false},"author":2,"featured_media":0,"parent":286,"menu_order":1,"comment_status":"closed","ping_status":"closed","template":"","meta":{"footnotes":""},"class_list":["post-105","page","type-page","status-publish","hentry"],"_links":{"self":[{"href":"https:\/\/diekramers.joosi.de\/index.php?rest_route=\/wp\/v2\/pages\/105","targetHints":{"allow":["GET"]}}],"collection":[{"href":"https:\/\/diekramers.joosi.de\/index.php?rest_route=\/wp\/v2\/pages"}],"about":[{"href":"https:\/\/diekramers.joosi.de\/index.php?rest_route=\/wp\/v2\/types\/page"}],"author":[{"embeddable":true,"href":"https:\/\/diekramers.joosi.de\/index.php?rest_route=\/wp\/v2\/users\/2"}],"replies":[{"embeddable":true,"href":"https:\/\/diekramers.joosi.de\/index.php?rest_route=%2Fwp%2Fv2%2Fcomments&post=105"}],"version-history":[{"count":18,"href":"https:\/\/diekramers.joosi.de\/index.php?rest_route=\/wp\/v2\/pages\/105\/revisions"}],"predecessor-version":[{"id":476,"href":"https:\/\/diekramers.joosi.de\/index.php?rest_route=\/wp\/v2\/pages\/105\/revisions\/476"}],"up":[{"embeddable":true,"href":"https:\/\/diekramers.joosi.de\/index.php?rest_route=\/wp\/v2\/pages\/286"}],"wp:attachment":[{"href":"https:\/\/diekramers.joosi.de\/index.php?rest_route=%2Fwp%2Fv2%2Fmedia&parent=105"}],"curies":[{"name":"wp","href":"https:\/\/api.w.org\/{rel}","templated":true}]}}